{"id":804,"date":"2019-02-11T17:29:00","date_gmt":"2019-02-11T17:29:00","guid":{"rendered":"https:\/\/martinha.com.ar\/?post_type=product&#038;p=804"},"modified":"2019-02-15T21:21:57","modified_gmt":"2019-02-15T21:21:57","slug":"brochetas","status":"publish","type":"product","link":"https:\/\/martinha.com.ar\/?product=brochetas","title":{"rendered":"BROCHETAS"},"content":{"rendered":"<p style=\"text-align: center;\"><em>Confirma tu pedido por Whatsapp<\/em><\/p>\n<p>2 Brochetas grandes de *carne opcional + vegetales c\/salsa de soja , acompa\u00f1adas con guarnici\u00f3n de vegetales asados y papas r\u00fasticas<\/p>\n<p><a href=\"https:\/\/martinha.com.ar\/\"><img loading=\"lazy\" class=\"alignnone wp-image-535\" src=\"https:\/\/martinha.com.ar\/wp-content\/uploads\/2019\/01\/boton_volver-300x191.png\" alt=\"\" width=\"113\" height=\"72\" \/><\/a><\/p>\n","protected":false},"excerpt":{"rendered":"<p>Confirma tu pedido por Whatsapp<\/p>\n","protected":false},"featured_media":841,"comment_status":"open","ping_status":"closed","template":"","meta":{"_mi_skip_tracking":false},"product_cat":[69,42],"product_tag":[],"_links":{"self":[{"href":"https:\/\/martinha.com.ar\/index.php?rest_route=\/wp\/v2\/product\/804"}],"collection":[{"href":"https:\/\/martinha.com.ar\/index.php?rest_route=\/wp\/v2\/product"}],"about":[{"href":"https:\/\/martinha.com.ar\/index.php?rest_route=\/wp\/v2\/types\/product"}],"replies":[{"embeddable":true,"href":"https:\/\/martinha.com.ar\/index.php?rest_route=%2Fwp%2Fv2%2Fcomments&post=804"}],"version-history":[{"count":1,"href":"https:\/\/martinha.com.ar\/index.php?rest_route=\/wp\/v2\/product\/804\/revisions"}],"predecessor-version":[{"id":808,"href":"https:\/\/martinha.com.ar\/index.php?rest_route=\/wp\/v2\/product\/804\/revisions\/808"}],"wp:featuredmedia":[{"embeddable":true,"href":"https:\/\/martinha.com.ar\/index.php?rest_route=\/wp\/v2\/media\/841"}],"wp:attachment":[{"href":"https:\/\/martinha.com.ar\/index.php?rest_route=%2Fwp%2Fv2%2Fmedia&parent=804"}],"wp:term":[{"taxonomy":"product_cat","embeddable":true,"href":"https:\/\/martinha.com.ar\/index.php?rest_route=%2Fwp%2Fv2%2Fproduct_cat&post=804"},{"taxonomy":"product_tag","embeddable":true,"href":"https:\/\/martinha.com.ar\/index.php?rest_route=%2Fwp%2Fv2%2Fproduct_tag&post=804"}],"curies":[{"name":"wp","href":"https:\/\/api.w.org\/{rel}","templated":true}]}}