{"id":763,"date":"2019-02-11T13:46:39","date_gmt":"2019-02-11T13:46:39","guid":{"rendered":"https:\/\/martinha.com.ar\/?post_type=product&#038;p=763"},"modified":"2019-02-15T21:26:33","modified_gmt":"2019-02-15T21:26:33","slug":"wraps","status":"publish","type":"product","link":"https:\/\/martinha.com.ar\/?product=wraps","title":{"rendered":"WRAPS"},"content":{"rendered":"<p style=\"text-align: center;\"><em>Confirm\u00e1 tu pedido por Whatsapp<\/em><\/p>\n<p><strong>Wraps\u00a0\u00a0<\/strong><\/p>\n<p>1 tortilla de harina de trigo de 30cm gruesa, con lechuga morada, rucula, queso crema y mayonesa, salsa roja mexicana.\u00a0\u00a0 Se acompa\u00f1a con guarnici\u00f3n de: ensalada de rucula y tomate, aceite de oliva, sal y lim\u00f3n \u00a0\u00a0\u00a0\u00f3\u00a0\u00a0\u00a0 guarnici\u00f3n de papas fritas.<\/p>\n<p>opciones:<\/p>\n<p>de pollo<\/p>\n<p>de atun<\/p>\n<p>de berenjena asada, choclo y zanahoria<\/p>\n<p>de salm\u00f3n ahumado<\/p>\n<p><a href=\"https:\/\/martinha.com.ar\/\"><img loading=\"lazy\" class=\"alignnone wp-image-535\" src=\"https:\/\/martinha.com.ar\/wp-content\/uploads\/2019\/01\/boton_volver-300x191.png\" alt=\"\" width=\"94\" height=\"60\" \/><\/a><\/p>\n","protected":false},"excerpt":{"rendered":"<p>Confirm\u00e1 tu pedido por Whatsapp<\/p>\n","protected":false},"featured_media":845,"comment_status":"open","ping_status":"closed","template":"","meta":{"_mi_skip_tracking":false},"product_cat":[42,75],"product_tag":[],"_links":{"self":[{"href":"https:\/\/martinha.com.ar\/index.php?rest_route=\/wp\/v2\/product\/763"}],"collection":[{"href":"https:\/\/martinha.com.ar\/index.php?rest_route=\/wp\/v2\/product"}],"about":[{"href":"https:\/\/martinha.com.ar\/index.php?rest_route=\/wp\/v2\/types\/product"}],"replies":[{"embeddable":true,"href":"https:\/\/martinha.com.ar\/index.php?rest_route=%2Fwp%2Fv2%2Fcomments&post=763"}],"version-history":[{"count":1,"href":"https:\/\/martinha.com.ar\/index.php?rest_route=\/wp\/v2\/product\/763\/revisions"}],"predecessor-version":[{"id":775,"href":"https:\/\/martinha.com.ar\/index.php?rest_route=\/wp\/v2\/product\/763\/revisions\/775"}],"wp:featuredmedia":[{"embeddable":true,"href":"https:\/\/martinha.com.ar\/index.php?rest_route=\/wp\/v2\/media\/845"}],"wp:attachment":[{"href":"https:\/\/martinha.com.ar\/index.php?rest_route=%2Fwp%2Fv2%2Fmedia&parent=763"}],"wp:term":[{"taxonomy":"product_cat","embeddable":true,"href":"https:\/\/martinha.com.ar\/index.php?rest_route=%2Fwp%2Fv2%2Fproduct_cat&post=763"},{"taxonomy":"product_tag","embeddable":true,"href":"https:\/\/martinha.com.ar\/index.php?rest_route=%2Fwp%2Fv2%2Fproduct_tag&post=763"}],"curies":[{"name":"wp","href":"https:\/\/api.w.org\/{rel}","templated":true}]}}